{"id":313,"date":"2024-12-10T10:53:18","date_gmt":"2024-12-10T09:53:18","guid":{"rendered":"https:\/\/vincentdelaval.fr\/?page_id=313"},"modified":"2024-12-10T20:59:26","modified_gmt":"2024-12-10T19:59:26","slug":"prestations","status":"publish","type":"page","link":"https:\/\/vincentdelaval.fr\/index.php\/prestations\/","title":{"rendered":"Prestations"},"content":{"rendered":"\n<p>Vous souhaitez mettre en place un projet d&rsquo;art-th\u00e9rapie dans votre institution ?<\/p>\n\n\n\n<p>N&rsquo;h\u00e9sitez pas \u00e0 me contacter pour \u00e9changer sur vos besoins et \u00e9valuer ensemble les possibilit\u00e9s et conditions d\u2019intervention. Chaque projet \u00e9tant unique, une prestation sur mesure sera \u00e9labor\u00e9e, d\u00e9taillant les aspects sp\u00e9cifiques \u00e0 votre demande. Mon intervention s\u2019effectue exclusivement, pour le moment, en tant que salari\u00e9 au sein de votre structure.<\/p>\n\n\n\n<p>La m\u00e9thodes ATPE (Art-Th\u00e9rapie Pluri-Expressionnelle) favorise des relations th\u00e9rapeutiques authentiques bas\u00e9es sur une approche douce, la diversit\u00e9, et l\u2019adaptabilit\u00e9 des m\u00e9dias utilis\u00e9s, qu\u2019il s\u2019agisse de s\u00e9ances individuelles ou groupales. Cette approche permet une \u00e9volution progressive, respectueuse du rythme, de la singularit\u00e9 et des besoins de chaque b\u00e9n\u00e9ficiaire.<\/p>\n\n\n\n<p>La relation de confiance entre le patient et l\u2019art-th\u00e9rapeute constitue un pilier fondamental du processus th\u00e9rapeutique. Elle s\u2019appuie sur la capacit\u00e9 du th\u00e9rapeute \u00e0 observer, adapter et proposer des m\u00e9dias vari\u00e9s, en ad\u00e9quation avec les besoins et les r\u00e9actions exprim\u00e9s en atelier. Cette flexibilit\u00e9 favorise un climat de s\u00e9curit\u00e9 et de confort, essentiel pour permettre au patient de s\u2019ouvrir et de l\u00e2cher prise progressivement.<\/p>\n\n\n\n<p>Au fil des s\u00e9ances, le patient est invit\u00e9 \u00e0 entrer dans un dialogue int\u00e9rieur \u00e0 travers ses productions artistiques et sensorielles. Accompagn\u00e9 par le regard bienveillant et structurant de l\u2019art-th\u00e9rapeute, ce processus soutient une exploration profonde de soi, facilitant une meilleure compr\u00e9hension de son univers personnel.<\/p>\n\n\n\n<p>Ce cheminement symbolique offre au patient l\u2019opportunit\u00e9 de se reconnecter \u00e0 lui-m\u00eame et d\u2019avancer dans son d\u00e9veloppement personnel. Les symboles qui \u00e9mergent au cours de cette d\u00e9marche deviennent des catalyseurs de transformation, permettant une \u00e9volution vers un mieux-\u00eatre durable.<\/p>\n\n\n\n<p>Le r\u00f4le de l\u2019art-th\u00e9rapeute est d\u2019accompagner ce processus avec rigueur et sensibilit\u00e9, en guidant le patient dans son exploration cr\u00e9ative tout en ajustant les interventions pour r\u00e9pondre aux besoins uniques de chacun.<\/p>\n","protected":false},"excerpt":{"rendered":"<p>Vous souhaitez mettre en place un projet d&rsquo;art-th\u00e9rapie dans votre institution ? N&rsquo;h\u00e9sitez pas \u00e0 me contacter pour \u00e9changer sur vos besoins et \u00e9valuer ensemble les possibilit\u00e9s et conditions d\u2019intervention. Chaque projet \u00e9tant unique, une prestation sur mesure sera \u00e9labor\u00e9e, d\u00e9taillant les aspects sp\u00e9cifiques \u00e0 votre demande. Mon intervention s\u2019effectue exclusivement, pour le moment, en <a class=\"read-more\" href=\"https:\/\/vincentdelaval.fr\/index.php\/prestations\/\">READ MORE<\/a><\/p>\n","protected":false},"author":1,"featured_media":0,"parent":0,"menu_order":0,"comment_status":"closed","ping_status":"closed","template":"","meta":{"_themeisle_gutenberg_block_has_review":false,"footnotes":""},"class_list":["post-313","page","type-page","status-publish","hentry"],"_links":{"self":[{"href":"https:\/\/vincentdelaval.fr\/index.php\/wp-json\/wp\/v2\/pages\/313","targetHints":{"allow":["GET"]}}],"collection":[{"href":"https:\/\/vincentdelaval.fr\/index.php\/wp-json\/wp\/v2\/pages"}],"about":[{"href":"https:\/\/vincentdelaval.fr\/index.php\/wp-json\/wp\/v2\/types\/page"}],"author":[{"embeddable":true,"href":"https:\/\/vincentdelaval.fr\/index.php\/wp-json\/wp\/v2\/users\/1"}],"replies":[{"embeddable":true,"href":"https:\/\/vincentdelaval.fr\/index.php\/wp-json\/wp\/v2\/comments?post=313"}],"version-history":[{"count":4,"href":"https:\/\/vincentdelaval.fr\/index.php\/wp-json\/wp\/v2\/pages\/313\/revisions"}],"predecessor-version":[{"id":331,"href":"https:\/\/vincentdelaval.fr\/index.php\/wp-json\/wp\/v2\/pages\/313\/revisions\/331"}],"wp:attachment":[{"href":"https:\/\/vincentdelaval.fr\/index.php\/wp-json\/wp\/v2\/media?parent=313"}],"curies":[{"name":"wp","href":"https:\/\/api.w.org\/{rel}","templated":true}]}}