{"id":217,"date":"2024-10-24T13:55:34","date_gmt":"2024-10-24T11:55:34","guid":{"rendered":"https:\/\/vincentdelaval.fr\/?page_id=217"},"modified":"2024-12-13T09:47:35","modified_gmt":"2024-12-13T08:47:35","slug":"a-propos-de-moi","status":"publish","type":"page","link":"https:\/\/vincentdelaval.fr\/","title":{"rendered":"\u00c0 propos &#8230;"},"content":{"rendered":"\n<p class=\"has-text-align-left\"><img loading=\"lazy\" decoding=\"async\" width=\"1257\" height=\"1257\" align=\"left\" class=\"wp-image-253\" style=\"width: 150px;margin-right:50px\" src=\"https:\/\/vincentdelaval.fr\/wp-content\/uploads\/2024\/11\/image1-cercle.png\" alt=\"\" srcset=\"https:\/\/vincentdelaval.fr\/wp-content\/uploads\/2024\/11\/image1-cercle.png 1257w, https:\/\/vincentdelaval.fr\/wp-content\/uploads\/2024\/11\/image1-cercle-300x300.png 300w, https:\/\/vincentdelaval.fr\/wp-content\/uploads\/2024\/11\/image1-cercle-1024x1024.png 1024w, https:\/\/vincentdelaval.fr\/wp-content\/uploads\/2024\/11\/image1-cercle-150x150.png 150w, https:\/\/vincentdelaval.fr\/wp-content\/uploads\/2024\/11\/image1-cercle-768x768.png 768w\" sizes=\"auto, (max-width: 1257px) 100vw, 1257px\" \/> Je suis Vincent Delaval, form\u00e9 \u00e0 l&rsquo;art-th\u00e9rapie pluriexpresionnelle par l&rsquo;organisme de formation PUZZLE de Lambersart, Association R\u00e9gionale d\u2019Art-Th\u00e9rapie du Nord-Pas-de-Calais,\u00a0 entre janvier 2022 et juin 2024. J&rsquo;ai obtenu ma certification le 15 juillet 2024 sur d\u00e9lib\u00e9ration du jury de certification de l&rsquo;IRFAT (Institut de Recherche et de Formation en Art-th\u00e9rapie), \u00e0 Avignon.<br><br><\/p>\n\n\n\n<p><strong>Mon parcours<\/strong><br>D\u00e9veloppeur de logiciels p\u00e9dagogiques et transcripteur braille pendant 15 ans, j\u2019ai \u0153uvr\u00e9 aupr\u00e8s d\u2019enfants et adolescents d\u00e9ficients visuels au sein de l\u2019\u00c9ducation Nationale. Aujourd\u2019hui, je mets cette exp\u00e9rience au service de l\u2019art-th\u00e9rapie pluriexpressionnelle.<\/p>\n\n\n\n<p><strong>Mes pratiques artistiques<\/strong><br>Passionn\u00e9 de musique et d&rsquo;arts plastiques, j\u2019anime \u00e9galement des ateliers de dramath\u00e9rapie et d&rsquo;expression corporelle. Ces activit\u00e9s nourrissent ma d\u00e9marche professionnelle et enrichissent les outils que je mets \u00e0 disposition lors des s\u00e9ances.<\/p>\n\n\n\n<p><strong>Ma formation<\/strong><br>Je suis dipl\u00f4m\u00e9 du centre de formation PUZZLE, sp\u00e9cialis\u00e9 en art-th\u00e9rapie pluriexpressionnelle. Cette formation, bas\u00e9e sur une approche exp\u00e9rientielle, m\u2019a permis de vivre pleinement les propositions art-th\u00e9rapeutiques avant de les transmettre \u00e0 mes patients.<\/p>\n\n\n\n<ul class=\"wp-block-list\">\n<li><strong>Certification professionnelle reconnue au RNCP (juillet 2024)<\/strong><br><\/li>\n\n\n\n<li><strong>Stage de professionnalisation au Centre Hospitalier Psychiatrique de Mons (Belgique), en h\u00f4pital de jour aupr\u00e8s d\u2019adolescents en psychiatrie<\/strong><\/li>\n\n\n\n<li>Stage d&rsquo;observation au CSMAE (Centre de Sant\u00e9 Mentale pour Adolescents et Enfants) d&rsquo;Armenti\u00e8res, Hauts-de-France, France <\/li>\n\n\n\n<li><a href=\"https:\/\/www.linkedin.com\/search\/results\/all\/?keywords=Institut+M%C3%A9dico+Professionnel+du+%22Chemin+vert%22+%28Initiation%29\"><\/a>Stage d&rsquo;initiation \u00e0 l&rsquo;Institut M\u00e9dico Professionnel du \u00ab\u00a0Chemin vert\u00a0\u00bb de Villeneuve-d&rsquo;Ascq, Hauts-de-France, France &#8211; Accompagnement en co-animation de deux groupes d&rsquo;adolescents avec d\u00e9ficience intellectuelleAccompagnement en co-animation de deux groupes d&rsquo;adolescents avec d\u00e9ficience intellectuelle<\/li>\n\n\n\n<li><a href=\"https:\/\/www.linkedin.com\/search\/results\/all\/?keywords=Maison+d%27Accueil+Sp%C3%A9cialis%C3%A9e+%22La+Dune+aux+pins%22+\"><\/a>Stage d&rsquo;initiation \u00e0 la MAS (Maison d&rsquo;Accueil Sp\u00e9cialis\u00e9e) \u00ab\u00a0La Dune aux pins\u00a0\u00bb  de Guyvelde, Hauts de France, France avec 3 groupes d&rsquo;adultes polyhandicap\u00e9s<br><\/li>\n\n\n\n<li><strong>M\u00e9moire <\/strong>: \u00ab\u00a0La relation \u00e0 l\u2019autre chez un adolescent souffrant d\u2019anxi\u00e9t\u00e9 g\u00e9n\u00e9ralis\u00e9e, en milieu p\u00e9dopsychiatrique, \u00e0 travers l\u2019art-th\u00e9rapie pluri-expressionnelle\u00a0\u00bb<\/li>\n<\/ul>\n\n\n\n<p>J\u2019ai \u00e9galement \u00e9t\u00e9 sensibilis\u00e9 aux techniques d\u2019expression corporelle, plastique et musicale lors de formations compl\u00e9mentaires.<\/p>\n\n\n\n<p><strong>Mes valeurs et mon \u00e9thique<\/strong><br>Je m\u2019appuie sur les valeurs fondamentales de l\u2019art-th\u00e9rapie :<\/p>\n\n\n\n<ul class=\"wp-block-list\">\n<li><strong>Empathie et bienveillance<\/strong> : accueillir chacun tel qu\u2019il est, dans le respect de sa singularit\u00e9.<\/li>\n\n\n\n<li><strong>\u00c9coute active et ajustement<\/strong> : r\u00e9pondre aux besoins sp\u00e9cifiques de chaque individu pour favoriser la confiance et l\u2019ouverture.<\/li>\n\n\n\n<li><strong>Authenticit\u00e9<\/strong> : une base essentielle pour une compr\u00e9hension mutuelle et un accompagnement adapt\u00e9.<\/li>\n<\/ul>\n\n\n\n<p>Je me r\u00e9f\u00e8re au <a href=\"https:\/\/www.puzzle-art-therapie.com\/wp-content\/uploads\/2021\/07\/CODE-DE-DEONTOLOGIE-EPAT-20211.pdf\">code de d\u00e9ontologie de l\u2019EPAT<\/a> (\u00c9coles Professionnelles d\u2019Art-Th\u00e9rapie) et b\u00e9n\u00e9ficie d\u2019une supervision r\u00e9guli\u00e8re par G\u00e9raldine Der\u00e9my, psychanalyste.<\/p>\n\n\n\n<p><strong>Lieux d\u2019intervention<\/strong><br>J\u2019interviens dans le Nord, le Pas-de-Calais et dans le Hainaut (r\u00e9gion wallone, BE).<\/p>\n\n\n\n<p><strong>Contactez-moi<\/strong><br>Je vous accompagne avec professionnalisme et cr\u00e9ativit\u00e9 pour r\u00e9pondre \u00e0 vos besoins sp\u00e9cifiques en art-th\u00e9rapie.<\/p>\n\n\n\n<p><a href=\"https:\/\/vincentdelaval.fr\/index.php\/contact\/\" data-type=\"page\" data-id=\"124\">Formulaire de contact<\/a><\/p>\n\n\n\n<p><\/p>\n","protected":false},"excerpt":{"rendered":"<p>Je suis Vincent Delaval, form\u00e9 \u00e0 l&rsquo;art-th\u00e9rapie pluriexpresionnelle par l&rsquo;organisme de formation PUZZLE de Lambersart, Association R\u00e9gionale d\u2019Art-Th\u00e9rapie du Nord-Pas-de-Calais,\u00a0 entre janvier 2022 et juin 2024. J&rsquo;ai obtenu ma certification le 15 juillet 2024 sur d\u00e9lib\u00e9ration du jury de certification de l&rsquo;IRFAT (Institut de Recherche et de Formation en Art-th\u00e9rapie), \u00e0 Avignon. Mon parcoursD\u00e9veloppeur de <a class=\"read-more\" href=\"https:\/\/vincentdelaval.fr\/\">READ MORE<\/a><\/p>\n","protected":false},"author":1,"featured_media":0,"parent":0,"menu_order":0,"comment_status":"closed","ping_status":"closed","template":"","meta":{"_themeisle_gutenberg_block_has_review":false,"footnotes":""},"class_list":["post-217","page","type-page","status-publish","hentry"],"_links":{"self":[{"href":"https:\/\/vincentdelaval.fr\/index.php\/wp-json\/wp\/v2\/pages\/217","targetHints":{"allow":["GET"]}}],"collection":[{"href":"https:\/\/vincentdelaval.fr\/index.php\/wp-json\/wp\/v2\/pages"}],"about":[{"href":"https:\/\/vincentdelaval.fr\/index.php\/wp-json\/wp\/v2\/types\/page"}],"author":[{"embeddable":true,"href":"https:\/\/vincentdelaval.fr\/index.php\/wp-json\/wp\/v2\/users\/1"}],"replies":[{"embeddable":true,"href":"https:\/\/vincentdelaval.fr\/index.php\/wp-json\/wp\/v2\/comments?post=217"}],"version-history":[{"count":31,"href":"https:\/\/vincentdelaval.fr\/index.php\/wp-json\/wp\/v2\/pages\/217\/revisions"}],"predecessor-version":[{"id":333,"href":"https:\/\/vincentdelaval.fr\/index.php\/wp-json\/wp\/v2\/pages\/217\/revisions\/333"}],"wp:attachment":[{"href":"https:\/\/vincentdelaval.fr\/index.php\/wp-json\/wp\/v2\/media?parent=217"}],"curies":[{"name":"wp","href":"https:\/\/api.w.org\/{rel}","templated":true}]}}