{"id":2,"date":"2024-09-18T11:59:32","date_gmt":"2024-09-18T09:59:32","guid":{"rendered":"http:\/\/vincentdelaval.fr\/?page_id=2"},"modified":"2024-11-26T13:13:43","modified_gmt":"2024-11-26T12:13:43","slug":"page-d-exemple","status":"publish","type":"page","link":"https:\/\/vincentdelaval.fr\/index.php\/page-d-exemple\/","title":{"rendered":"L&rsquo;art-th\u00e9rapie"},"content":{"rendered":"\n<ul class=\"wp-block-list ticss-bf24080c\">\n<li><a href=\"#p1\">L&rsquo;art-th\u00e9rapie, qu&rsquo;est-ce que c&rsquo;est ?<\/a><\/li>\n\n\n\n<li><a href=\"#p2\" data-type=\"internal\" data-id=\"#p2\">A qui s&rsquo;adresse l&rsquo;art-th\u00e9rapie ?<\/a><\/li>\n\n\n\n<li><a href=\"#p3\">Faut-il \u00eatre un artiste pour en b\u00e9n\u00e9ficier ?<\/a><\/li>\n\n\n\n<li><a href=\"#p4\">Concr\u00e8tement, comment \u00e7a marche ?<\/a><\/li>\n<\/ul>\n\n\n\n<p><a name=\"p1\"><\/a><\/p>\n\n\n\n<h2 class=\"wp-block-heading\"><a name=\"p1\">L&rsquo;art-th\u00e9rapie, qu&rsquo;est-ce que c&rsquo;est ?<\/a><\/h2>\n\n\n\n<p><\/p>\n\n\n\n<p>L&rsquo;art-th\u00e9rapie est une forme de psychoth\u00e9rapie qui offre au patient ou au participant une voie d&rsquo;expression diff\u00e9rente de celle du langage verbal, permettant de r\u00e9v\u00e9ler des ressentis que les mots ne peuvent traduire. C&rsquo;est une approche qui utilise l&rsquo;expression artistique pour aborder la souffrance ou les difficult\u00e9s personnelles. \u00c0 travers le processus cr\u00e9atif, le monde int\u00e9rieur se manifeste librement, ouvrant l&rsquo;acc\u00e8s \u00e0 des \u00e9motions profondes souvent inconscientes. Le geste cr\u00e9ateur mobilise l&rsquo;imaginaire, l&rsquo;intuition, la r\u00e9flexion ainsi que les \u00e9motions, favorisant ainsi un espace d&rsquo;exploration intime.<\/p>\n\n\n\n<p>L&rsquo;objectif de l&rsquo;art-th\u00e9rapie est de favoriser une meilleure qualit\u00e9 de vie, pas de produire une \u0153uvre artistique. La qu\u00eate d&rsquo;esth\u00e9tique n&rsquo;est par cons\u00e9quent pas une fin en soi.<\/p>\n\n\n\n<p>Les supports artistiques facilitent la relation \u00e0 soi, am\u00e9liorent l&rsquo;expression, la cr\u00e9ativit\u00e9 et la socialisation. Au fil des s\u00e9ances, la personne entre en dialogue avec elle-m\u00eame et d\u00e9veloppe une meilleure connaissance de soi \u00e0 travers ses cr\u00e9ations artistiques ou sensorielles.<\/p>\n\n\n\n<p>Progressivement, elle prend conscience des symboles qui \u00e9mergent, lui permettant d&rsquo;avancer dans son processus de transformation. L&rsquo;art-th\u00e9rapeute l&rsquo;accompagne tout au long de ce cheminement, garantissant un espace s\u00e9curis\u00e9 et bienveillant.<\/p>\n\n\n\n<p>Chaque accompagnement est personnalis\u00e9 pour favoriser un mieux-\u00eatre et une meilleure connaissance de soi.<a name=\"p2\"><\/a><\/p>\n\n\n\n<h2 class=\"wp-block-heading\"><a name=\"p2\">\u00c0 qui s&rsquo;adresse l&rsquo;art-th\u00e9rapie ?<\/a><\/h2>\n\n\n\n<p><\/p>\n\n\n\n<p>L\u2019art-th\u00e9rapie, consid\u00e9r\u00e9e comme une th\u00e9rapie compl\u00e9mentaire, est <strong>accessible \u00e0 tous, quel que soit l\u2019\u00e2ge ou les comp\u00e9tences artistiques.<\/strong> Elle ne n\u00e9cessite aucune aptitude particuli\u00e8re en art.<\/p>\n\n\n\n<p>Elle permet d\u2019accompagner en douceur un large \u00e9ventail de difficult\u00e9s :<\/p>\n\n\n\n<p>Sant\u00e9 mentale et bien-\u00eatre :<\/p>\n\n\n\n<ul class=\"wp-block-list\">\n<li>Le d\u00e9veloppement personnel<\/li>\n\n\n\n<li>Les n\u00e9vroses et psychoses<\/li>\n\n\n\n<li>Le burn-out<\/li>\n\n\n\n<li>Toute forme de mal-\u00eatre ou situation de blocage<\/li>\n<\/ul>\n\n\n\n<p>Transitions de vie et pertes :<\/p>\n\n\n\n<ul class=\"wp-block-list\">\n<li>Le deuil, au sens large (perte d&#8217;emploi, changement de domicile, s\u00e9parations\u2026)<\/li>\n\n\n\n<li>L&rsquo;insertion professionnelle et sociale<\/li>\n<\/ul>\n\n\n\n<p>Troubles et conditions m\u00e9dicales :<\/p>\n\n\n\n<ul class=\"wp-block-list\">\n<li>Divers troubles (troubles de l&rsquo;apprentissage, maladies neurod\u00e9g\u00e9n\u00e9ratives, troubles mentaux)<\/li>\n\n\n\n<li>Les addictions<\/li>\n\n\n\n<li>Les soins en oncologie<\/li>\n<\/ul>\n\n\n\n<p>Handicaps et d\u00e9ficiences :<\/p>\n\n\n\n<ul class=\"wp-block-list\">\n<li>Les handicaps sensoriels, physiques, sociaux, et la d\u00e9ficience intellectuelle<\/li>\n<\/ul>\n\n\n\n<p>Traumatismes et violences :<\/p>\n\n\n\n<ul class=\"wp-block-list\">\n<li>Les violences (psychologiques, physiques, harc\u00e8lement, accidents\u2026)<\/li>\n<\/ul>\n\n\n\n<p>Probl\u00e9matiques sociales :<\/p>\n\n\n\n<ul class=\"wp-block-list\">\n<li>L&rsquo;exclusion, la rupture sociale, l&rsquo;isolement<\/li>\n<\/ul>\n\n\n\n<p>Cette pratique offre un cadre bienveillant pour explorer et traiter ces probl\u00e9matiques \u00e0 travers la cr\u00e9ation.<\/p>\n\n\n\n<p><a name=\"p3\"><\/a><\/p>\n\n\n\n<h2 class=\"wp-block-heading\"><a name=\"p3\">Faut-il \u00eatre artiste pour b\u00e9n\u00e9ficier de l&rsquo;art-th\u00e9rapie ?<\/a><\/h2>\n\n\n\n<p><\/p>\n\n\n\n<p>Non, il n&rsquo;est pas n\u00e9cessaire d&rsquo;\u00eatre un artiste pour b\u00e9n\u00e9ficier de l&rsquo;art-th\u00e9rapie. Voici les principales raisons :<\/p>\n\n\n\n<p>L&rsquo;art-th\u00e9rapie est une approche ouverte \u00e0 tous, ind\u00e9pendamment des comp\u00e9tences artistiques. Elle se concentre sur le processus cr\u00e9atif plut\u00f4t que sur le r\u00e9sultat final.&nbsp;L&rsquo;objectif principal est d&rsquo;utiliser l&rsquo;expression artistique comme moyen d&rsquo;explorer les \u00e9motions, les pens\u00e9es et les exp\u00e9riences int\u00e9rieures, sans se soucier de la qualit\u00e9 esth\u00e9tique des \u0153uvres produites.<\/p>\n\n\n\n<p>En art-th\u00e9rapie, la valeur artistique des cr\u00e9ations n&rsquo;est pas primordiale.&nbsp;L&rsquo;important est la capacit\u00e9 de la personne \u00e0 s&rsquo;exprimer \u00e0 travers le processus cr\u00e9atif, quelle que soit son exp\u00e9rience artistique pr\u00e9alable. Cette approche permet aux participants de lib\u00e9rer leurs \u00e9motions et de communiquer des sentiments qui peuvent \u00eatre difficiles \u00e0 exprimer verbalement.<\/p>\n\n\n\n<p>En <strong>Art-Th\u00e9rapie Pluri-Expressionnelle (ATPE)<\/strong>, divers outils artistiques sont employ\u00e9s \u00e0 travers quatre grandes m\u00e9diations :<\/p>\n\n\n\n<ul class=\"wp-block-list\">\n<li class=\"ticss-87bf6ffa\" style=\"font-size:18px\"><strong>Arts plastiques<\/strong> : peinture, pastels, encres, argile, collages&#8230;.<\/li>\n\n\n\n<li class=\"ticss-ceb32f93\" style=\"font-size:18px\"><strong>Musique<\/strong> : r\u00e9ceptive, enveloppe sonore, musique intuitive, communication sonore.<\/li>\n\n\n\n<li class=\"ticss-5dc1042c\" style=\"font-size:18px\"><strong>Th\u00e9\u00e2tre<\/strong> : masques, \u00e9criture, sable, contes.<\/li>\n\n\n\n<li class=\"ticss-15fd3202\" style=\"font-size:18px\"><strong>Expression corporelle<\/strong> : expression primitive, \u00e9criture corporelle, relaxation.<\/li>\n<\/ul>\n\n\n\n<p>Cette diversit\u00e9 permet \u00e0 chacun de trouver un moyen d&rsquo;expression qui lui convient, sans n\u00e9cessiter de comp\u00e9tences artistiques sp\u00e9cifiques ou pr\u00e9alables.<\/p>\n\n\n\n<p>Les art-th\u00e9rapeutes sont form\u00e9s pour guider les participants dans leur processus cr\u00e9atif, ind\u00e9pendamment de leur niveau artistique. Leur r\u00f4le est de faciliter l&rsquo;expression et l&rsquo;exploration \u00e9motionnelle \u00e0 travers l&rsquo;art, plut\u00f4t que d&rsquo;enseigner des techniques artistiques. En r\u00e9sum\u00e9, l&rsquo;art-th\u00e9rapie est accessible \u00e0 tous et se concentre sur les bienfaits th\u00e9rapeutiques de l&rsquo;expression cr\u00e9ative, plut\u00f4t que sur la production d&rsquo;\u0153uvres d&rsquo;art de qualit\u00e9 professionnelle. Elle peut \u00eatre b\u00e9n\u00e9fique pour toute personne souhaitant explorer ses \u00e9motions et am\u00e9liorer son bien-\u00eatre mental, qu&rsquo;elle soit artiste ou non.<\/p>\n\n\n\n<h2 class=\"wp-block-heading\"><a name=\"p4\">Concr\u00e8tement, comment \u00e7a marche ?<\/a><\/h2>\n\n\n\n<p>La prise en charge en art-th\u00e9rapie se d\u00e9roule g\u00e9n\u00e9ralement en plusieurs \u00e9tapes, en commen\u00e7ant par le bilan expressionnel :<\/p>\n\n\n\n<p><strong>Le bilan expressionnel<\/strong><\/p>\n\n\n\n<p>Le bilan expressionnel, aussi appel\u00e9 bilan d&rsquo;indication th\u00e9rapeutique, est une \u00e9tape cruciale qui se d\u00e9roule en 3 temps :<\/p>\n\n\n\n<ol class=\"wp-block-list\">\n<li>Un temps d&rsquo;information sur l&rsquo;art-th\u00e9rapie et le d\u00e9roul\u00e9 d&rsquo;une prise en charge, d&rsquo;\u00e9change et de r\u00e9flexion sur les ressentis du patient au contact des diff\u00e9rents m\u00e9dias.<\/li>\n\n\n\n<li>Une s\u00e9ance de d\u00e9couverte o\u00f9 le patient explore diff\u00e9rentes m\u00e9diations artistiques (musique, arts plastiques, danse, th\u00e9\u00e2tre, \u00e9criture).<\/li>\n\n\n\n<li>Un test d&rsquo;\u00e9coute musical d&rsquo;une heure permettant d&rsquo;\u00e9valuer le rapport du patient \u00e0 la musique.<\/li>\n<\/ol>\n\n\n\n<p>Ce bilan permet de confirmer l&rsquo;indication th\u00e9rapeutique, d&rsquo;ajuster le mode d&rsquo;accompagnement et de d\u00e9terminer un premier objectif th\u00e9rapeutique.<\/p>\n\n\n\n<p><strong>D\u00e9roulement de la prise en charge<\/strong><\/p>\n\n\n\n<p>Apr\u00e8s le bilan expressionnel, la prise en charge se poursuit comme suit :<\/p>\n\n\n\n<ol class=\"wp-block-list\">\n<li><strong>S\u00e9ance d\u2019ouverture<\/strong> : Premi\u00e8re rencontre durant laquelle l\u2019art-th\u00e9rapeute explore les go\u00fbts, les attentes et les besoins du patient, tout en r\u00e9alisant un bilan sensoriel, moteur, cognitif et psycho-affectif.<br><\/li>\n\n\n\n<li><strong>Cycle initial<\/strong> : Un premier cycle (nombre de s\u00e9ances fix\u00e9) est propos\u00e9, avec une fr\u00e9quence hebdomadaire ou bimensuelle adapt\u00e9e aux besoins du patient.<br><\/li>\n\n\n\n<li><strong>Bilan interm\u00e9diaire<\/strong> : \u00c0 la fin de ce cycle, un bilan est effectu\u00e9 pour \u00e9valuer les progr\u00e8s et ajuster l\u2019accompagnement si n\u00e9cessaire.<br><\/li>\n\n\n\n<li><strong>S\u00e9ances r\u00e9guli\u00e8res<\/strong> : Diverses m\u00e9diations artistiques (musique, arts plastiques, danse, th\u00e9\u00e2tre, \u00e9criture) sont utilis\u00e9es en fonction des objectifs th\u00e9rapeutiques et des besoins sp\u00e9cifiques du patient.<br><\/li>\n\n\n\n<li><strong>\u00c9valuations continues<\/strong> : L\u2019art-th\u00e9rapeute proc\u00e8de \u00e0 des \u00e9valuations r\u00e9guli\u00e8res et partage les r\u00e9sultats avec les \u00e9quipes sous forme de bilans.<\/li>\n<\/ol>\n\n\n\n<p>La prise en charge peut se faire de mani\u00e8re individuelle ou en groupe, selon l&rsquo;objectif th\u00e9rapeutique et le contexte institutionnel.<\/p>\n\n\n\n<p><\/p>\n","protected":false},"excerpt":{"rendered":"<p>L&rsquo;art-th\u00e9rapie, qu&rsquo;est-ce que c&rsquo;est ? L&rsquo;art-th\u00e9rapie est une forme de psychoth\u00e9rapie qui offre au patient ou au participant une voie d&rsquo;expression diff\u00e9rente de celle du langage verbal, permettant de r\u00e9v\u00e9ler des ressentis que les mots ne peuvent traduire. C&rsquo;est une approche qui utilise l&rsquo;expression artistique pour aborder la souffrance ou les difficult\u00e9s personnelles. \u00c0 travers <a class=\"read-more\" href=\"https:\/\/vincentdelaval.fr\/index.php\/page-d-exemple\/\">READ MORE<\/a><\/p>\n","protected":false},"author":1,"featured_media":73,"parent":0,"menu_order":0,"comment_status":"closed","ping_status":"open","template":"","meta":{"_themeisle_gutenberg_block_has_review":false,"footnotes":""},"class_list":["post-2","page","type-page","status-publish","has-post-thumbnail","hentry"],"_links":{"self":[{"href":"https:\/\/vincentdelaval.fr\/index.php\/wp-json\/wp\/v2\/pages\/2","targetHints":{"allow":["GET"]}}],"collection":[{"href":"https:\/\/vincentdelaval.fr\/index.php\/wp-json\/wp\/v2\/pages"}],"about":[{"href":"https:\/\/vincentdelaval.fr\/index.php\/wp-json\/wp\/v2\/types\/page"}],"author":[{"embeddable":true,"href":"https:\/\/vincentdelaval.fr\/index.php\/wp-json\/wp\/v2\/users\/1"}],"replies":[{"embeddable":true,"href":"https:\/\/vincentdelaval.fr\/index.php\/wp-json\/wp\/v2\/comments?post=2"}],"version-history":[{"count":34,"href":"https:\/\/vincentdelaval.fr\/index.php\/wp-json\/wp\/v2\/pages\/2\/revisions"}],"predecessor-version":[{"id":252,"href":"https:\/\/vincentdelaval.fr\/index.php\/wp-json\/wp\/v2\/pages\/2\/revisions\/252"}],"wp:featuredmedia":[{"embeddable":true,"href":"https:\/\/vincentdelaval.fr\/index.php\/wp-json\/wp\/v2\/media\/73"}],"wp:attachment":[{"href":"https:\/\/vincentdelaval.fr\/index.php\/wp-json\/wp\/v2\/media?parent=2"}],"curies":[{"name":"wp","href":"https:\/\/api.w.org\/{rel}","templated":true}]}}